{"id":157,"date":"2023-05-07T10:31:05","date_gmt":"2023-05-07T08:31:05","guid":{"rendered":"https:\/\/www.bergheidersee-ferien.de\/?page_id=157"},"modified":"2023-05-07T10:48:06","modified_gmt":"2023-05-07T08:48:06","slug":"das-badezimmer","status":"publish","type":"page","link":"https:\/\/www.bergheidersee-ferien.de\/index.php\/das-badezimmer\/","title":{"rendered":"Das Badezimmer"},"content":{"rendered":"\n<figure class=\"wp-block-image size-large\"><img loading=\"lazy\" decoding=\"async\" width=\"768\" height=\"1024\" src=\"https:\/\/www.bergheidersee-ferien.de\/wp-content\/uploads\/2023\/05\/Waschtischklein-768x1024.jpg\" alt=\"\" class=\"wp-image-158\" srcset=\"https:\/\/www.bergheidersee-ferien.de\/wp-content\/uploads\/2023\/05\/Waschtischklein-768x1024.jpg 768w, https:\/\/www.bergheidersee-ferien.de\/wp-content\/uploads\/2023\/05\/Waschtischklein-225x300.jpg 225w, https:\/\/www.bergheidersee-ferien.de\/wp-content\/uploads\/2023\/05\/Waschtischklein-1152x1536.jpg 1152w, https:\/\/www.bergheidersee-ferien.de\/wp-content\/uploads\/2023\/05\/Waschtischklein.jpg 1500w\" sizes=\"auto, (max-width: 767px) 89vw, (max-width: 1000px) 54vw, (max-width: 1071px) 543px, 580px\" \/><\/figure>\n\n\n<p>Das Badezimmer verf\u00fcgt \u00fcber einen ger\u00e4umigen Waschtisch mit einem gro\u00dfen Spiegel. Der Waschtisch bietet ausreichend Stauraum f\u00fcr Pflegeprodukte und Handt\u00fccher.<\/p>\n<p>\u00a0<\/p>\n\n\n<figure class=\"wp-block-image size-large\"><img loading=\"lazy\" decoding=\"async\" width=\"768\" height=\"1024\" src=\"https:\/\/www.bergheidersee-ferien.de\/wp-content\/uploads\/2023\/05\/Duscheklein-768x1024.jpg\" alt=\"\" class=\"wp-image-164\" srcset=\"https:\/\/www.bergheidersee-ferien.de\/wp-content\/uploads\/2023\/05\/Duscheklein-768x1024.jpg 768w, https:\/\/www.bergheidersee-ferien.de\/wp-content\/uploads\/2023\/05\/Duscheklein-225x300.jpg 225w, https:\/\/www.bergheidersee-ferien.de\/wp-content\/uploads\/2023\/05\/Duscheklein-1152x1536.jpg 1152w, https:\/\/www.bergheidersee-ferien.de\/wp-content\/uploads\/2023\/05\/Duscheklein.jpg 1500w\" sizes=\"auto, (max-width: 767px) 89vw, (max-width: 1000px) 54vw, (max-width: 1071px) 543px, 580px\" \/><\/figure>\n\n\n<p>Die Dusche ist hat eine moderne Glasabtrennung und einen bequemen \u00fcber Eck Einstieg. Die gl\u00e4serne Duschwand vergr\u00f6\u00dfert optisch den Raum und sorgt f\u00fcr ein offenes und einladendes Ambiente.<\/p>\n\n\n<figure class=\"wp-block-image size-large\"><img loading=\"lazy\" decoding=\"async\" width=\"768\" height=\"1024\" src=\"https:\/\/www.bergheidersee-ferien.de\/wp-content\/uploads\/2023\/05\/Toiletteklein-768x1024.jpg\" alt=\"\" class=\"wp-image-165\" srcset=\"https:\/\/www.bergheidersee-ferien.de\/wp-content\/uploads\/2023\/05\/Toiletteklein-768x1024.jpg 768w, https:\/\/www.bergheidersee-ferien.de\/wp-content\/uploads\/2023\/05\/Toiletteklein-225x300.jpg 225w, https:\/\/www.bergheidersee-ferien.de\/wp-content\/uploads\/2023\/05\/Toiletteklein-1152x1536.jpg 1152w, https:\/\/www.bergheidersee-ferien.de\/wp-content\/uploads\/2023\/05\/Toiletteklein.jpg 1500w\" sizes=\"auto, (max-width: 767px) 89vw, (max-width: 1000px) 54vw, (max-width: 1071px) 543px, 580px\" \/><\/figure>\n","protected":false},"excerpt":{"rendered":"<p>Das Badezimmer verf\u00fcgt \u00fcber einen ger\u00e4umigen Waschtisch mit einem gro\u00dfen Spiegel. Der Waschtisch bietet ausreichend Stauraum f\u00fcr Pflegeprodukte und Handt\u00fccher. \u00a0 Die Dusche ist hat eine moderne Glasabtrennung und einen bequemen \u00fcber Eck Einstieg. Die gl\u00e4serne Duschwand vergr\u00f6\u00dfert optisch den Raum und sorgt f\u00fcr ein offenes und einladendes Ambiente.<\/p>\n","protected":false},"author":2,"featured_media":0,"parent":0,"menu_order":0,"comment_status":"closed","ping_status":"closed","template":"","meta":{"footnotes":""},"class_list":["post-157","page","type-page","status-publish","hentry"],"_links":{"self":[{"href":"https:\/\/www.bergheidersee-ferien.de\/index.php\/wp-json\/wp\/v2\/pages\/157","targetHints":{"allow":["GET"]}}],"collection":[{"href":"https:\/\/www.bergheidersee-ferien.de\/index.php\/wp-json\/wp\/v2\/pages"}],"about":[{"href":"https:\/\/www.bergheidersee-ferien.de\/index.php\/wp-json\/wp\/v2\/types\/page"}],"author":[{"embeddable":true,"href":"https:\/\/www.bergheidersee-ferien.de\/index.php\/wp-json\/wp\/v2\/users\/2"}],"replies":[{"embeddable":true,"href":"https:\/\/www.bergheidersee-ferien.de\/index.php\/wp-json\/wp\/v2\/comments?post=157"}],"version-history":[{"count":2,"href":"https:\/\/www.bergheidersee-ferien.de\/index.php\/wp-json\/wp\/v2\/pages\/157\/revisions"}],"predecessor-version":[{"id":166,"href":"https:\/\/www.bergheidersee-ferien.de\/index.php\/wp-json\/wp\/v2\/pages\/157\/revisions\/166"}],"wp:attachment":[{"href":"https:\/\/www.bergheidersee-ferien.de\/index.php\/wp-json\/wp\/v2\/media?parent=157"}],"curies":[{"name":"wp","href":"https:\/\/api.w.org\/{rel}","templated":true}]}}