{"id":18,"date":"2023-04-04T11:04:11","date_gmt":"2023-04-04T09:04:11","guid":{"rendered":"https:\/\/www.bergheidersee-ferien.de\/?page_id=18"},"modified":"2025-09-01T11:22:57","modified_gmt":"2025-09-01T09:22:57","slug":"startseite","status":"publish","type":"page","link":"https:\/\/www.bergheidersee-ferien.de\/","title":{"rendered":"Das Haus f\u00fcr einen perfekten Urlaub am Bergheider See"},"content":{"rendered":"\n<p>Erleben Sie den perfekten Urlaub in unserem neu erbauten Ferienhaus am Bergheider See! <\/p>\n\n\n\n<figure class=\"wp-block-image size-full\"><img loading=\"lazy\" decoding=\"async\" width=\"512\" height=\"512\" src=\"https:\/\/www.bergheidersee-ferien.de\/wp-content\/uploads\/2023\/05\/cropped-Aussenansichttkleinmitrasen-1.jpg\" alt=\"\" class=\"wp-image-282\" srcset=\"https:\/\/www.bergheidersee-ferien.de\/wp-content\/uploads\/2023\/05\/cropped-Aussenansichttkleinmitrasen-1.jpg 512w, https:\/\/www.bergheidersee-ferien.de\/wp-content\/uploads\/2023\/05\/cropped-Aussenansichttkleinmitrasen-1-300x300.jpg 300w, https:\/\/www.bergheidersee-ferien.de\/wp-content\/uploads\/2023\/05\/cropped-Aussenansichttkleinmitrasen-1-150x150.jpg 150w, https:\/\/www.bergheidersee-ferien.de\/wp-content\/uploads\/2023\/05\/cropped-Aussenansichttkleinmitrasen-1-100x100.jpg 100w, https:\/\/www.bergheidersee-ferien.de\/wp-content\/uploads\/2023\/05\/cropped-Aussenansichttkleinmitrasen-1-270x270.jpg 270w, https:\/\/www.bergheidersee-ferien.de\/wp-content\/uploads\/2023\/05\/cropped-Aussenansichttkleinmitrasen-1-192x192.jpg 192w, https:\/\/www.bergheidersee-ferien.de\/wp-content\/uploads\/2023\/05\/cropped-Aussenansichttkleinmitrasen-1-180x180.jpg 180w, https:\/\/www.bergheidersee-ferien.de\/wp-content\/uploads\/2023\/05\/cropped-Aussenansichttkleinmitrasen-1-32x32.jpg 32w\" sizes=\"auto, (max-width: 512px) 100vw, 512px\" \/><\/figure>\n\n\n\n<p>Mit einer Gr\u00f6\u00dfe von ca. 48 qm bietet unser Ferienhaus gen\u00fcgend Platz f\u00fcr bis zu vier Personen und verf\u00fcgt \u00fcber zwei gem\u00fctliche Schlafzimmer. Das Hauptschlafzimmer ist mit einem komfortablen Doppelbett (1,60 m breit) ausgestattet, w\u00e4hrend in dem zweiten Schlafzimmer ein ausziehbares Doppelbett f\u00fcr zus\u00e4tzlichen Komfort sorgt.<\/p>\n\n\n\n<p>Die offene K\u00fcche ist perfekt f\u00fcr die Zubereitung von Mahlzeiten geeignet und verf\u00fcgt \u00fcber alle notwendigen Ger\u00e4te und Utensilien wie Sp\u00fclmaschine und Backofen. Eine gro\u00dfe Schiebet\u00fcr f\u00fchrt sie auf die \u00fcberdachte Terrasse.<\/p>\n\n\n\n<p>F\u00fcr alle Aktivurlauber haben wir einen abschlie\u00dfbaren Abstellraum, in dem Sie Ihre Fahrr\u00e4der und Surfbretter sicher aufbewahren k\u00f6nnen. So k\u00f6nnen Sie unbesorgt die Umgebung erkunden und den See auf eigene Faust entdecken. Ihr Auto k\u00f6nnen Sie in dem Carport auf dem Grundst\u00fcck unterstellen.<\/p>\n\n\n\n<figure class=\"wp-block-image size-large\"><img loading=\"lazy\" decoding=\"async\" width=\"1024\" height=\"577\" src=\"https:\/\/www.bergheidersee-ferien.de\/wp-content\/uploads\/2023\/05\/Aussenansichtmitterrasse-1024x577.jpg\" alt=\"\" class=\"wp-image-194\" srcset=\"https:\/\/www.bergheidersee-ferien.de\/wp-content\/uploads\/2023\/05\/Aussenansichtmitterrasse-1024x577.jpg 1024w, https:\/\/www.bergheidersee-ferien.de\/wp-content\/uploads\/2023\/05\/Aussenansichtmitterrasse-300x169.jpg 300w, https:\/\/www.bergheidersee-ferien.de\/wp-content\/uploads\/2023\/05\/Aussenansichtmitterrasse-768x433.jpg 768w, https:\/\/www.bergheidersee-ferien.de\/wp-content\/uploads\/2023\/05\/Aussenansichtmitterrasse-1536x866.jpg 1536w, https:\/\/www.bergheidersee-ferien.de\/wp-content\/uploads\/2023\/05\/Aussenansichtmitterrasse-2048x1155.jpg 2048w\" sizes=\"auto, (max-width: 767px) 89vw, (max-width: 1000px) 54vw, (max-width: 1071px) 543px, 580px\" \/><\/figure>\n\n\n\n<p>Unser Ferienhaus ist der ideale Ausgangspunkt f\u00fcr Ausfl\u00fcge in die umliegende Region. Entdecken Sie die einzigartige Natur des Spreewalds, erleben Sie das pulsierende Leben in Berlin oder besuchen Sie die kulturellen Highlights von Dresden &#8211; alles ist in maximal einer Autostunde erreichbar, oder genie\u00dfen Sie einfach nur das Strandleben am See.<\/p>\n\n\n\n<figure class=\"wp-block-image size-large\"><img loading=\"lazy\" decoding=\"async\" width=\"1024\" height=\"576\" src=\"https:\/\/www.bergheidersee-ferien.de\/wp-content\/uploads\/2023\/05\/Strandbildmitbadenundsurfer-1024x576.jpg\" alt=\"\" class=\"wp-image-198\" srcset=\"https:\/\/www.bergheidersee-ferien.de\/wp-content\/uploads\/2023\/05\/Strandbildmitbadenundsurfer-1024x576.jpg 1024w, https:\/\/www.bergheidersee-ferien.de\/wp-content\/uploads\/2023\/05\/Strandbildmitbadenundsurfer-300x169.jpg 300w, https:\/\/www.bergheidersee-ferien.de\/wp-content\/uploads\/2023\/05\/Strandbildmitbadenundsurfer-768x432.jpg 768w, https:\/\/www.bergheidersee-ferien.de\/wp-content\/uploads\/2023\/05\/Strandbildmitbadenundsurfer-1536x864.jpg 1536w, https:\/\/www.bergheidersee-ferien.de\/wp-content\/uploads\/2023\/05\/Strandbildmitbadenundsurfer-2048x1152.jpg 2048w\" sizes=\"auto, (max-width: 767px) 89vw, (max-width: 1000px) 54vw, (max-width: 1071px) 543px, 580px\" \/><\/figure>\n\n\n\n<p><a href=\"https:\/\/www.buchen.travel\/im-web-expose-booking\/index.php?interface=123998&amp;obj=147708\">Buchen<\/a> Sie jetzt Ihren Traumurlaub in unserem neuen Ferienhaus und erleben Sie unvergessliche Momente inmitten der Natur! Wir freuen uns darauf, Sie bald bei uns begr\u00fc\u00dfen zu d\u00fcrfen.<\/p>\n","protected":false},"excerpt":{"rendered":"<p>Erleben Sie den perfekten Urlaub in unserem neu erbauten Ferienhaus am Bergheider See! Mit einer Gr\u00f6\u00dfe von ca. 48 qm bietet unser Ferienhaus gen\u00fcgend Platz f\u00fcr bis zu vier Personen und verf\u00fcgt \u00fcber zwei gem\u00fctliche Schlafzimmer. Das Hauptschlafzimmer ist mit einem komfortablen Doppelbett (1,60 m breit) ausgestattet, w\u00e4hrend in dem zweiten Schlafzimmer ein ausziehbares Doppelbett &hellip; <\/p>\n<p class=\"link-more\"><a href=\"https:\/\/www.bergheidersee-ferien.de\/\" class=\"more-link\"><span class=\"screen-reader-text\">\u201eDas Haus f\u00fcr einen perfekten Urlaub am Bergheider See\u201c<\/span> weiterlesen<\/a><\/p>\n","protected":false},"author":1,"featured_media":0,"parent":0,"menu_order":0,"comment_status":"closed","ping_status":"closed","template":"","meta":{"footnotes":""},"class_list":["post-18","page","type-page","status-publish","hentry"],"_links":{"self":[{"href":"https:\/\/www.bergheidersee-ferien.de\/index.php\/wp-json\/wp\/v2\/pages\/18","targetHints":{"allow":["GET"]}}],"collection":[{"href":"https:\/\/www.bergheidersee-ferien.de\/index.php\/wp-json\/wp\/v2\/pages"}],"about":[{"href":"https:\/\/www.bergheidersee-ferien.de\/index.php\/wp-json\/wp\/v2\/types\/page"}],"author":[{"embeddable":true,"href":"https:\/\/www.bergheidersee-ferien.de\/index.php\/wp-json\/wp\/v2\/users\/1"}],"replies":[{"embeddable":true,"href":"https:\/\/www.bergheidersee-ferien.de\/index.php\/wp-json\/wp\/v2\/comments?post=18"}],"version-history":[{"count":16,"href":"https:\/\/www.bergheidersee-ferien.de\/index.php\/wp-json\/wp\/v2\/pages\/18\/revisions"}],"predecessor-version":[{"id":294,"href":"https:\/\/www.bergheidersee-ferien.de\/index.php\/wp-json\/wp\/v2\/pages\/18\/revisions\/294"}],"wp:attachment":[{"href":"https:\/\/www.bergheidersee-ferien.de\/index.php\/wp-json\/wp\/v2\/media?parent=18"}],"curies":[{"name":"wp","href":"https:\/\/api.w.org\/{rel}","templated":true}]}}