{"id":19,"date":"2023-04-04T11:04:11","date_gmt":"2023-04-04T09:04:11","guid":{"rendered":"https:\/\/www.bergheidersee-ferien.de\/?page_id=19"},"modified":"2023-05-21T15:52:01","modified_gmt":"2023-05-21T13:52:01","slug":"ueber-uns","status":"publish","type":"page","link":"https:\/\/www.bergheidersee-ferien.de\/index.php\/ueber-uns\/","title":{"rendered":"Der Wohn- Essbereich"},"content":{"rendered":"\n<figure class=\"wp-block-image size-large\"><img loading=\"lazy\" decoding=\"async\" width=\"1024\" height=\"768\" src=\"https:\/\/www.bergheidersee-ferien.de\/wp-content\/uploads\/2023\/05\/Esszimmerklein-1024x768.jpg\" alt=\"\" class=\"wp-image-141\" srcset=\"https:\/\/www.bergheidersee-ferien.de\/wp-content\/uploads\/2023\/05\/Esszimmerklein-1024x768.jpg 1024w, https:\/\/www.bergheidersee-ferien.de\/wp-content\/uploads\/2023\/05\/Esszimmerklein-300x225.jpg 300w, https:\/\/www.bergheidersee-ferien.de\/wp-content\/uploads\/2023\/05\/Esszimmerklein-768x576.jpg 768w, https:\/\/www.bergheidersee-ferien.de\/wp-content\/uploads\/2023\/05\/Esszimmerklein-1536x1152.jpg 1536w, https:\/\/www.bergheidersee-ferien.de\/wp-content\/uploads\/2023\/05\/Esszimmerklein.jpg 1600w\" sizes=\"auto, (max-width: 767px) 89vw, (max-width: 1000px) 54vw, (max-width: 1071px) 543px, 580px\" \/><\/figure>\n\n\n\n<p>Das Wohn- Esszimmer mit K\u00fcche ist der zentrale Raum der Wohnung. Der zum Entspannen und geselligen Beisammensein einl\u00e4dt. Eine gro\u00dfe Schiebet\u00fcr f\u00fchrt direkt auf die Terrasse und in den Garten des Grundst\u00fccks. Auch von hier haben Sie einen wunderbaren Blick auf die Landschaft, der ein Gef\u00fchl von Weite und Freiheit vermittelt. Die Terrasse ist mit Gartenm\u00f6beln ausgestattet.<\/p>\n\n\n\n<p>In der Mitte des Raumes befindet sich ein ausklappbarer Esstisch, an dem man gemeinsam mit Freunden und Familie essen, trinken und spielen kann. Eine Auswahl aktueller Brettspiele finden Sie im Regal des 2. Schlafzimmers.<\/p>\n\n\n\n<figure class=\"wp-block-image size-large\"><img loading=\"lazy\" decoding=\"async\" width=\"1024\" height=\"768\" src=\"https:\/\/www.bergheidersee-ferien.de\/wp-content\/uploads\/2023\/05\/Kuecheklein-1024x768.jpg\" alt=\"\" class=\"wp-image-144\" srcset=\"https:\/\/www.bergheidersee-ferien.de\/wp-content\/uploads\/2023\/05\/Kuecheklein-1024x768.jpg 1024w, https:\/\/www.bergheidersee-ferien.de\/wp-content\/uploads\/2023\/05\/Kuecheklein-300x225.jpg 300w, https:\/\/www.bergheidersee-ferien.de\/wp-content\/uploads\/2023\/05\/Kuecheklein-768x576.jpg 768w, https:\/\/www.bergheidersee-ferien.de\/wp-content\/uploads\/2023\/05\/Kuecheklein-1536x1152.jpg 1536w, https:\/\/www.bergheidersee-ferien.de\/wp-content\/uploads\/2023\/05\/Kuecheklein.jpg 1600w\" sizes=\"auto, (max-width: 767px) 89vw, (max-width: 1000px) 54vw, (max-width: 1071px) 543px, 580px\" \/><\/figure>\n\n\n\n<p>Die K\u00fcche ist vollst\u00e4ndig ausgestattet und bietet alles, was man f\u00fcr die Zubereitung von Mahlzeiten ben\u00f6tigt, einschlie\u00dflich einer Sp\u00fclmaschine, eines K\u00fchlschranks, einer Kaffeemaschine, eines Wasserkochers, Herds mit 4 Kochplatten und eines Backofens .<\/p>\n\n\n\n<figure class=\"wp-block-image size-large\"><img loading=\"lazy\" decoding=\"async\" width=\"1024\" height=\"577\" src=\"https:\/\/www.bergheidersee-ferien.de\/wp-content\/uploads\/2023\/05\/Sofaundkueche-1024x577.jpg\" alt=\"\" class=\"wp-image-204\" srcset=\"https:\/\/www.bergheidersee-ferien.de\/wp-content\/uploads\/2023\/05\/Sofaundkueche-1024x577.jpg 1024w, https:\/\/www.bergheidersee-ferien.de\/wp-content\/uploads\/2023\/05\/Sofaundkueche-300x169.jpg 300w, https:\/\/www.bergheidersee-ferien.de\/wp-content\/uploads\/2023\/05\/Sofaundkueche-768x433.jpg 768w, https:\/\/www.bergheidersee-ferien.de\/wp-content\/uploads\/2023\/05\/Sofaundkueche-1536x866.jpg 1536w, https:\/\/www.bergheidersee-ferien.de\/wp-content\/uploads\/2023\/05\/Sofaundkueche-2048x1155.jpg 2048w\" sizes=\"auto, (max-width: 767px) 89vw, (max-width: 1000px) 54vw, (max-width: 1071px) 543px, 580px\" \/><\/figure>\n\n\n\n<p>Ein gem\u00fctliches Sofa ist der perfekte Ort zum Entspannen und Lesen, oder um einen Film auf dem 3D Fernseher zu schauen.<\/p>\n\n\n\n<h2 class=\"wp-block-heading\"><\/h2>\n","protected":false},"excerpt":{"rendered":"<p>Das Wohn- Esszimmer mit K\u00fcche ist der zentrale Raum der Wohnung. Der zum Entspannen und geselligen Beisammensein einl\u00e4dt. Eine gro\u00dfe Schiebet\u00fcr f\u00fchrt direkt auf die Terrasse und in den Garten des Grundst\u00fccks. Auch von hier haben Sie einen wunderbaren Blick auf die Landschaft, der ein Gef\u00fchl von Weite und Freiheit vermittelt. Die Terrasse ist mit &hellip; <\/p>\n<p class=\"link-more\"><a href=\"https:\/\/www.bergheidersee-ferien.de\/index.php\/ueber-uns\/\" class=\"more-link\"><span class=\"screen-reader-text\">\u201eDer Wohn- Essbereich\u201c<\/span> weiterlesen<\/a><\/p>\n","protected":false},"author":2,"featured_media":115,"parent":0,"menu_order":0,"comment_status":"closed","ping_status":"closed","template":"","meta":{"footnotes":""},"class_list":["post-19","page","type-page","status-publish","has-post-thumbnail","hentry"],"_links":{"self":[{"href":"https:\/\/www.bergheidersee-ferien.de\/index.php\/wp-json\/wp\/v2\/pages\/19","targetHints":{"allow":["GET"]}}],"collection":[{"href":"https:\/\/www.bergheidersee-ferien.de\/index.php\/wp-json\/wp\/v2\/pages"}],"about":[{"href":"https:\/\/www.bergheidersee-ferien.de\/index.php\/wp-json\/wp\/v2\/types\/page"}],"author":[{"embeddable":true,"href":"https:\/\/www.bergheidersee-ferien.de\/index.php\/wp-json\/wp\/v2\/users\/2"}],"replies":[{"embeddable":true,"href":"https:\/\/www.bergheidersee-ferien.de\/index.php\/wp-json\/wp\/v2\/comments?post=19"}],"version-history":[{"count":11,"href":"https:\/\/www.bergheidersee-ferien.de\/index.php\/wp-json\/wp\/v2\/pages\/19\/revisions"}],"predecessor-version":[{"id":205,"href":"https:\/\/www.bergheidersee-ferien.de\/index.php\/wp-json\/wp\/v2\/pages\/19\/revisions\/205"}],"wp:featuredmedia":[{"embeddable":true,"href":"https:\/\/www.bergheidersee-ferien.de\/index.php\/wp-json\/wp\/v2\/media\/115"}],"wp:attachment":[{"href":"https:\/\/www.bergheidersee-ferien.de\/index.php\/wp-json\/wp\/v2\/media?parent=19"}],"curies":[{"name":"wp","href":"https:\/\/api.w.org\/{rel}","templated":true}]}}